{"id":124,"date":"2025-11-24T20:31:05","date_gmt":"2025-11-24T19:31:05","guid":{"rendered":"http:\/\/imagoart.eu\/?page_id=124"},"modified":"2026-01-01T15:14:10","modified_gmt":"2026-01-01T14:14:10","slug":"kolekcja-dzieci","status":"publish","type":"page","link":"https:\/\/imagoart.eu\/?page_id=124","title":{"rendered":"Kolekcja Dzieci\u0119ca"},"content":{"rendered":"<p><!-- WA\u017bNE: margines pod headerem, aby tre\u015b\u0107 nie nachodzi\u0142a --><\/p>\n<div style=\"height: -80px;\"><\/div>\n<p><!-- G\u0141\u00d3WNA SEKCJA Z PRODUKTAMI KATEGORII \"wszystkie\" --><\/p>\n<div style=\"margin-top: 0; margin-bottom: 0; padding: 40px var(--wp--style--root--padding-right, 4vw) 40px var(--wp--style--root--padding-left, 4vw);\">\n<div style=\"height: 20px;\" aria-hidden=\"true\"><\/div>\n<p><!-- Shortcode WooCommerce \u2013 TYLKO produkty z kategorii 'wszystkie' --><br \/>\n<div class=\"woocommerce columns-3 \"><div class=\"woocommerce-notices-wrapper\"><\/div><ul class=\"products columns-3\">\n<li class=\"product type-product post-1680 status-publish first instock product_cat-kolekcja-dzieci-kolekcja-dzieci product_cat-wszystkie has-post-thumbnail shipping-taxable purchasable product-type-variable\">\n\t<a href=\"https:\/\/imagoart.eu\/?product=anima\" class=\"woocommerce-LoopProduct-link woocommerce-loop-product__link\"><img loading=\"lazy\" decoding=\"async\" width=\"600\" height=\"600\" src=\"https:\/\/imagoart.eu\/wp-content\/uploads\/2026\/01\/anima_1000x1000-600x600.png\" class=\"attachment-woocommerce_thumbnail size-woocommerce_thumbnail\" alt=\"Anima\" srcset=\"https:\/\/imagoart.eu\/wp-content\/uploads\/2026\/01\/anima_1000x1000-600x600.png 600w, https:\/\/imagoart.eu\/wp-content\/uploads\/2026\/01\/anima_1000x1000-300x300.png 300w, https:\/\/imagoart.eu\/wp-content\/uploads\/2026\/01\/anima_1000x1000-150x150.png 150w, https:\/\/imagoart.eu\/wp-content\/uploads\/2026\/01\/anima_1000x1000-768x768.png 768w, https:\/\/imagoart.eu\/wp-content\/uploads\/2026\/01\/anima_1000x1000-100x100.png 100w, https:\/\/imagoart.eu\/wp-content\/uploads\/2026\/01\/anima_1000x1000.png 1000w\" sizes=\"auto, (max-width: 600px) 100vw, 600px\" \/><h2 class=\"woocommerce-loop-product__title\">Anima<\/h2>\n\t<span class=\"price\"><span class=\"woocommerce-Price-amount amount\" aria-hidden=\"true\"><bdi>39,00&nbsp;<span class=\"woocommerce-Price-currencySymbol\">&#122;&#322;<\/span><\/bdi><\/span> <span aria-hidden=\"true\">&ndash;<\/span> <span class=\"woocommerce-Price-amount amount\" aria-hidden=\"true\"><bdi>250,00&nbsp;<span class=\"woocommerce-Price-currencySymbol\">&#122;&#322;<\/span><\/bdi><\/span><span class=\"screen-reader-text\">Price range: 39,00&nbsp;&#122;&#322; through 250,00&nbsp;&#122;&#322;<\/span><\/span>\n<\/a><a href=\"https:\/\/imagoart.eu\/?product=anima\" aria-describedby=\"woocommerce_loop_add_to_cart_link_describedby_1680\" data-quantity=\"1\" class=\"button product_type_variable add_to_cart_button\" data-product_id=\"1680\" data-product_sku=\"\" aria-label=\"Select options for &ldquo;Anima&rdquo;\" rel=\"nofollow\">Select options<\/a>\t<span id=\"woocommerce_loop_add_to_cart_link_describedby_1680\" class=\"screen-reader-text\">\n\t\tThis product has multiple variants. The options may be chosen on the product page\t<\/span>\n<\/li>\n<li class=\"product type-product post-1660 status-publish instock product_cat-kolekcja-dzieci-kolekcja-dzieci product_cat-wszystkie has-post-thumbnail shipping-taxable purchasable product-type-variable\">\n\t<a href=\"https:\/\/imagoart.eu\/?product=balon\" class=\"woocommerce-LoopProduct-link woocommerce-loop-product__link\"><img loading=\"lazy\" decoding=\"async\" width=\"600\" height=\"600\" src=\"https:\/\/imagoart.eu\/wp-content\/uploads\/2026\/01\/31f03ac0-1be6-41fb-852f-fdd59f67888d-600x600.png\" class=\"attachment-woocommerce_thumbnail size-woocommerce_thumbnail\" alt=\"Balon\" srcset=\"https:\/\/imagoart.eu\/wp-content\/uploads\/2026\/01\/31f03ac0-1be6-41fb-852f-fdd59f67888d-600x600.png 600w, https:\/\/imagoart.eu\/wp-content\/uploads\/2026\/01\/31f03ac0-1be6-41fb-852f-fdd59f67888d-300x300.png 300w, https:\/\/imagoart.eu\/wp-content\/uploads\/2026\/01\/31f03ac0-1be6-41fb-852f-fdd59f67888d-150x150.png 150w, https:\/\/imagoart.eu\/wp-content\/uploads\/2026\/01\/31f03ac0-1be6-41fb-852f-fdd59f67888d-768x768.png 768w, https:\/\/imagoart.eu\/wp-content\/uploads\/2026\/01\/31f03ac0-1be6-41fb-852f-fdd59f67888d-100x100.png 100w, https:\/\/imagoart.eu\/wp-content\/uploads\/2026\/01\/31f03ac0-1be6-41fb-852f-fdd59f67888d.png 1024w\" sizes=\"auto, (max-width: 600px) 100vw, 600px\" \/><h2 class=\"woocommerce-loop-product__title\">Balon<\/h2>\n\t<span class=\"price\"><span class=\"woocommerce-Price-amount amount\" aria-hidden=\"true\"><bdi>39,00&nbsp;<span class=\"woocommerce-Price-currencySymbol\">&#122;&#322;<\/span><\/bdi><\/span> <span aria-hidden=\"true\">&ndash;<\/span> <span class=\"woocommerce-Price-amount amount\" aria-hidden=\"true\"><bdi>250,00&nbsp;<span class=\"woocommerce-Price-currencySymbol\">&#122;&#322;<\/span><\/bdi><\/span><span class=\"screen-reader-text\">Price range: 39,00&nbsp;&#122;&#322; through 250,00&nbsp;&#122;&#322;<\/span><\/span>\n<\/a><a href=\"https:\/\/imagoart.eu\/?product=balon\" aria-describedby=\"woocommerce_loop_add_to_cart_link_describedby_1660\" data-quantity=\"1\" class=\"button product_type_variable add_to_cart_button\" data-product_id=\"1660\" data-product_sku=\"\" aria-label=\"Select options for &ldquo;Balon&rdquo;\" rel=\"nofollow\">Select options<\/a>\t<span id=\"woocommerce_loop_add_to_cart_link_describedby_1660\" class=\"screen-reader-text\">\n\t\tThis product has multiple variants. The options may be chosen on the product page\t<\/span>\n<\/li>\n<li class=\"product type-product post-1729 status-publish last instock product_cat-kolekcja-dzieci-kolekcja-dzieci product_cat-wszystkie has-post-thumbnail shipping-taxable purchasable product-type-variable\">\n\t<a href=\"https:\/\/imagoart.eu\/?product=dziewczynka-z-zapalkami\" class=\"woocommerce-LoopProduct-link woocommerce-loop-product__link\"><img loading=\"lazy\" decoding=\"async\" width=\"600\" height=\"600\" src=\"https:\/\/imagoart.eu\/wp-content\/uploads\/2026\/01\/896b2729-187c-4702-b28e-56f54f8c8479-600x600.png\" class=\"attachment-woocommerce_thumbnail size-woocommerce_thumbnail\" alt=\"Dziewczynka z zapa\u0142kami\" srcset=\"https:\/\/imagoart.eu\/wp-content\/uploads\/2026\/01\/896b2729-187c-4702-b28e-56f54f8c8479-600x600.png 600w, https:\/\/imagoart.eu\/wp-content\/uploads\/2026\/01\/896b2729-187c-4702-b28e-56f54f8c8479-300x300.png 300w, https:\/\/imagoart.eu\/wp-content\/uploads\/2026\/01\/896b2729-187c-4702-b28e-56f54f8c8479-150x150.png 150w, https:\/\/imagoart.eu\/wp-content\/uploads\/2026\/01\/896b2729-187c-4702-b28e-56f54f8c8479-768x768.png 768w, https:\/\/imagoart.eu\/wp-content\/uploads\/2026\/01\/896b2729-187c-4702-b28e-56f54f8c8479-100x100.png 100w, https:\/\/imagoart.eu\/wp-content\/uploads\/2026\/01\/896b2729-187c-4702-b28e-56f54f8c8479.png 1024w\" sizes=\"auto, (max-width: 600px) 100vw, 600px\" \/><h2 class=\"woocommerce-loop-product__title\">Dziewczynka z zapa\u0142kami<\/h2>\n\t<span class=\"price\"><span class=\"woocommerce-Price-amount amount\" aria-hidden=\"true\"><bdi>39,00&nbsp;<span class=\"woocommerce-Price-currencySymbol\">&#122;&#322;<\/span><\/bdi><\/span> <span aria-hidden=\"true\">&ndash;<\/span> <span class=\"woocommerce-Price-amount amount\" aria-hidden=\"true\"><bdi>250,00&nbsp;<span class=\"woocommerce-Price-currencySymbol\">&#122;&#322;<\/span><\/bdi><\/span><span class=\"screen-reader-text\">Price range: 39,00&nbsp;&#122;&#322; through 250,00&nbsp;&#122;&#322;<\/span><\/span>\n<\/a><a href=\"https:\/\/imagoart.eu\/?product=dziewczynka-z-zapalkami\" aria-describedby=\"woocommerce_loop_add_to_cart_link_describedby_1729\" data-quantity=\"1\" class=\"button product_type_variable add_to_cart_button\" data-product_id=\"1729\" data-product_sku=\"\" aria-label=\"Select options for &ldquo;Dziewczynka z zapa\u0142kami&rdquo;\" rel=\"nofollow\">Select options<\/a>\t<span id=\"woocommerce_loop_add_to_cart_link_describedby_1729\" class=\"screen-reader-text\">\n\t\tThis product has multiple variants. The options may be chosen on the product page\t<\/span>\n<\/li>\n<li class=\"product type-product post-144 status-publish first instock product_cat-kolekcja-dzieci-kolekcja-dzieci product_cat-obrazy-obrazy product_cat-wszystkie has-post-thumbnail shipping-taxable purchasable product-type-variable\">\n\t<a href=\"https:\/\/imagoart.eu\/?product=test3\" class=\"woocommerce-LoopProduct-link woocommerce-loop-product__link\"><img loading=\"lazy\" decoding=\"async\" width=\"600\" height=\"600\" src=\"https:\/\/imagoart.eu\/wp-content\/uploads\/2025\/11\/c5e901ab-e6c7-4c22-b112-4a37c93c4e07-600x600.png\" class=\"attachment-woocommerce_thumbnail size-woocommerce_thumbnail\" alt=\"Kangur\" srcset=\"https:\/\/imagoart.eu\/wp-content\/uploads\/2025\/11\/c5e901ab-e6c7-4c22-b112-4a37c93c4e07-600x600.png 600w, https:\/\/imagoart.eu\/wp-content\/uploads\/2025\/11\/c5e901ab-e6c7-4c22-b112-4a37c93c4e07-300x300.png 300w, https:\/\/imagoart.eu\/wp-content\/uploads\/2025\/11\/c5e901ab-e6c7-4c22-b112-4a37c93c4e07-150x150.png 150w, https:\/\/imagoart.eu\/wp-content\/uploads\/2025\/11\/c5e901ab-e6c7-4c22-b112-4a37c93c4e07-768x768.png 768w, https:\/\/imagoart.eu\/wp-content\/uploads\/2025\/11\/c5e901ab-e6c7-4c22-b112-4a37c93c4e07-100x100.png 100w, https:\/\/imagoart.eu\/wp-content\/uploads\/2025\/11\/c5e901ab-e6c7-4c22-b112-4a37c93c4e07.png 1024w\" sizes=\"auto, (max-width: 600px) 100vw, 600px\" \/><h2 class=\"woocommerce-loop-product__title\">Kangur<\/h2>\n\t<span class=\"price\"><span class=\"woocommerce-Price-amount amount\" aria-hidden=\"true\"><bdi>39,00&nbsp;<span class=\"woocommerce-Price-currencySymbol\">&#122;&#322;<\/span><\/bdi><\/span> <span aria-hidden=\"true\">&ndash;<\/span> <span class=\"woocommerce-Price-amount amount\" aria-hidden=\"true\"><bdi>250,00&nbsp;<span class=\"woocommerce-Price-currencySymbol\">&#122;&#322;<\/span><\/bdi><\/span><span class=\"screen-reader-text\">Price range: 39,00&nbsp;&#122;&#322; through 250,00&nbsp;&#122;&#322;<\/span><\/span>\n<\/a><a href=\"https:\/\/imagoart.eu\/?product=test3\" aria-describedby=\"woocommerce_loop_add_to_cart_link_describedby_144\" data-quantity=\"1\" class=\"button product_type_variable add_to_cart_button\" data-product_id=\"144\" data-product_sku=\"\" aria-label=\"Select options for &ldquo;Kangur&rdquo;\" rel=\"nofollow\">Select options<\/a>\t<span id=\"woocommerce_loop_add_to_cart_link_describedby_144\" class=\"screen-reader-text\">\n\t\tThis product has multiple variants. The options may be chosen on the product page\t<\/span>\n<\/li>\n<li class=\"product type-product post-469 status-publish instock product_cat-kolekcja-dzieci-kolekcja-dzieci product_cat-wszystkie has-post-thumbnail shipping-taxable purchasable product-type-variable\">\n\t<a href=\"https:\/\/imagoart.eu\/?product=czarny-kon\" class=\"woocommerce-LoopProduct-link woocommerce-loop-product__link\"><img loading=\"lazy\" decoding=\"async\" width=\"600\" height=\"600\" src=\"https:\/\/imagoart.eu\/wp-content\/uploads\/2025\/11\/4ca2a261-6dd8-462b-96ce-37a7ca3be118-600x600.png\" class=\"attachment-woocommerce_thumbnail size-woocommerce_thumbnail\" alt=\"Ko\u0144\" srcset=\"https:\/\/imagoart.eu\/wp-content\/uploads\/2025\/11\/4ca2a261-6dd8-462b-96ce-37a7ca3be118-600x600.png 600w, https:\/\/imagoart.eu\/wp-content\/uploads\/2025\/11\/4ca2a261-6dd8-462b-96ce-37a7ca3be118-300x300.png 300w, https:\/\/imagoart.eu\/wp-content\/uploads\/2025\/11\/4ca2a261-6dd8-462b-96ce-37a7ca3be118-150x150.png 150w, https:\/\/imagoart.eu\/wp-content\/uploads\/2025\/11\/4ca2a261-6dd8-462b-96ce-37a7ca3be118-768x768.png 768w, https:\/\/imagoart.eu\/wp-content\/uploads\/2025\/11\/4ca2a261-6dd8-462b-96ce-37a7ca3be118-100x100.png 100w, https:\/\/imagoart.eu\/wp-content\/uploads\/2025\/11\/4ca2a261-6dd8-462b-96ce-37a7ca3be118.png 1024w\" sizes=\"auto, (max-width: 600px) 100vw, 600px\" \/><h2 class=\"woocommerce-loop-product__title\">Ko\u0144<\/h2>\n\t<span class=\"price\"><span class=\"woocommerce-Price-amount amount\" aria-hidden=\"true\"><bdi>39,00&nbsp;<span class=\"woocommerce-Price-currencySymbol\">&#122;&#322;<\/span><\/bdi><\/span> <span aria-hidden=\"true\">&ndash;<\/span> <span class=\"woocommerce-Price-amount amount\" aria-hidden=\"true\"><bdi>250,00&nbsp;<span class=\"woocommerce-Price-currencySymbol\">&#122;&#322;<\/span><\/bdi><\/span><span class=\"screen-reader-text\">Price range: 39,00&nbsp;&#122;&#322; through 250,00&nbsp;&#122;&#322;<\/span><\/span>\n<\/a><a href=\"https:\/\/imagoart.eu\/?product=czarny-kon\" aria-describedby=\"woocommerce_loop_add_to_cart_link_describedby_469\" data-quantity=\"1\" class=\"button product_type_variable add_to_cart_button\" data-product_id=\"469\" data-product_sku=\"\" aria-label=\"Select options for &ldquo;Ko\u0144&rdquo;\" rel=\"nofollow\">Select options<\/a>\t<span id=\"woocommerce_loop_add_to_cart_link_describedby_469\" class=\"screen-reader-text\">\n\t\tThis product has multiple variants. The options may be chosen on the product page\t<\/span>\n<\/li>\n<li class=\"product type-product post-471 status-publish last instock product_cat-kolekcja-dzieci-kolekcja-dzieci product_cat-wszystkie has-post-thumbnail shipping-taxable purchasable product-type-variable\">\n\t<a href=\"https:\/\/imagoart.eu\/?product=wies\" class=\"woocommerce-LoopProduct-link woocommerce-loop-product__link\"><img loading=\"lazy\" decoding=\"async\" width=\"600\" height=\"600\" src=\"https:\/\/imagoart.eu\/wp-content\/uploads\/2025\/11\/e41ab2c5-e3f4-4056-8b4f-462b05c37eff-600x600.png\" class=\"attachment-woocommerce_thumbnail size-woocommerce_thumbnail\" alt=\"Wie\u015b\" srcset=\"https:\/\/imagoart.eu\/wp-content\/uploads\/2025\/11\/e41ab2c5-e3f4-4056-8b4f-462b05c37eff-600x600.png 600w, https:\/\/imagoart.eu\/wp-content\/uploads\/2025\/11\/e41ab2c5-e3f4-4056-8b4f-462b05c37eff-300x300.png 300w, https:\/\/imagoart.eu\/wp-content\/uploads\/2025\/11\/e41ab2c5-e3f4-4056-8b4f-462b05c37eff-150x150.png 150w, https:\/\/imagoart.eu\/wp-content\/uploads\/2025\/11\/e41ab2c5-e3f4-4056-8b4f-462b05c37eff-768x768.png 768w, https:\/\/imagoart.eu\/wp-content\/uploads\/2025\/11\/e41ab2c5-e3f4-4056-8b4f-462b05c37eff-100x100.png 100w, https:\/\/imagoart.eu\/wp-content\/uploads\/2025\/11\/e41ab2c5-e3f4-4056-8b4f-462b05c37eff.png 1024w\" sizes=\"auto, (max-width: 600px) 100vw, 600px\" \/><h2 class=\"woocommerce-loop-product__title\">Wie\u015b<\/h2>\n\t<span class=\"price\"><span class=\"woocommerce-Price-amount amount\" aria-hidden=\"true\"><bdi>39,00&nbsp;<span class=\"woocommerce-Price-currencySymbol\">&#122;&#322;<\/span><\/bdi><\/span> <span aria-hidden=\"true\">&ndash;<\/span> <span class=\"woocommerce-Price-amount amount\" aria-hidden=\"true\"><bdi>250,00&nbsp;<span class=\"woocommerce-Price-currencySymbol\">&#122;&#322;<\/span><\/bdi><\/span><span class=\"screen-reader-text\">Price range: 39,00&nbsp;&#122;&#322; through 250,00&nbsp;&#122;&#322;<\/span><\/span>\n<\/a><a href=\"https:\/\/imagoart.eu\/?product=wies\" aria-describedby=\"woocommerce_loop_add_to_cart_link_describedby_471\" data-quantity=\"1\" class=\"button product_type_variable add_to_cart_button\" data-product_id=\"471\" data-product_sku=\"\" aria-label=\"Select options for &ldquo;Wie\u015b&rdquo;\" rel=\"nofollow\">Select options<\/a>\t<span id=\"woocommerce_loop_add_to_cart_link_describedby_471\" class=\"screen-reader-text\">\n\t\tThis product has multiple variants. The options may be chosen on the product page\t<\/span>\n<\/li>\n<\/ul>\n<\/div><\/p>\n<div style=\"height: 20px;\" aria-hidden=\"true\"><\/div>\n<\/div>\n","protected":false},"excerpt":{"rendered":"","protected":false},"author":1,"featured_media":0,"parent":0,"menu_order":0,"comment_status":"closed","ping_status":"closed","template":"","meta":{"_joinchat":[],"footnotes":""},"class_list":["post-124","page","type-page","status-publish","hentry"],"jetpack_sharing_enabled":true,"_links":{"self":[{"href":"https:\/\/imagoart.eu\/index.php?rest_route=\/wp\/v2\/pages\/124","targetHints":{"allow":["GET"]}}],"collection":[{"href":"https:\/\/imagoart.eu\/index.php?rest_route=\/wp\/v2\/pages"}],"about":[{"href":"https:\/\/imagoart.eu\/index.php?rest_route=\/wp\/v2\/types\/page"}],"author":[{"embeddable":true,"href":"https:\/\/imagoart.eu\/index.php?rest_route=\/wp\/v2\/users\/1"}],"replies":[{"embeddable":true,"href":"https:\/\/imagoart.eu\/index.php?rest_route=%2Fwp%2Fv2%2Fcomments&post=124"}],"version-history":[{"count":80,"href":"https:\/\/imagoart.eu\/index.php?rest_route=\/wp\/v2\/pages\/124\/revisions"}],"predecessor-version":[{"id":1578,"href":"https:\/\/imagoart.eu\/index.php?rest_route=\/wp\/v2\/pages\/124\/revisions\/1578"}],"wp:attachment":[{"href":"https:\/\/imagoart.eu\/index.php?rest_route=%2Fwp%2Fv2%2Fmedia&parent=124"}],"curies":[{"name":"wp","href":"https:\/\/api.w.org\/{rel}","templated":true}]}}