{"id":1576,"date":"2026-01-01T15:13:49","date_gmt":"2026-01-01T14:13:49","guid":{"rendered":"https:\/\/imagoart.eu\/?page_id=1576"},"modified":"2026-01-01T15:22:35","modified_gmt":"2026-01-01T14:22:35","slug":"kolekcja-miasto","status":"publish","type":"page","link":"https:\/\/imagoart.eu\/?page_id=1576","title":{"rendered":"Kolekcja Miasto"},"content":{"rendered":"<p><!-- WA\u017bNE: margines pod headerem, aby tre\u015b\u0107 nie nachodzi\u0142a --><\/p>\n<div style=\"height: -80px;\"><\/div>\n<p><!-- G\u0141\u00d3WNA SEKCJA Z PRODUKTAMI KATEGORII \"wszystkie\" --><\/p>\n<div style=\"margin-top: 0; margin-bottom: 0; padding: 40px var(--wp--style--root--padding-right, 4vw) 40px var(--wp--style--root--padding-left, 4vw);\">\n<div style=\"height: 20px;\" aria-hidden=\"true\"><\/div>\n<p><!-- Shortcode WooCommerce \u2013 TYLKO produkty z kategorii 'wszystkie' --><br \/>\n<div class=\"woocommerce columns-3 \"><div class=\"woocommerce-notices-wrapper\"><\/div><ul class=\"products columns-3\">\n<li class=\"product type-product post-1864 status-publish first instock product_cat-kolekcja-miasto product_cat-wszystkie has-post-thumbnail shipping-taxable purchasable product-type-variable\">\n\t<a href=\"https:\/\/imagoart.eu\/?product=baletnica\" class=\"woocommerce-LoopProduct-link woocommerce-loop-product__link\"><img loading=\"lazy\" decoding=\"async\" width=\"600\" height=\"600\" src=\"https:\/\/imagoart.eu\/wp-content\/uploads\/2026\/01\/Baletnica-2-600x600.png\" class=\"attachment-woocommerce_thumbnail size-woocommerce_thumbnail\" alt=\"Baletnica\" srcset=\"https:\/\/imagoart.eu\/wp-content\/uploads\/2026\/01\/Baletnica-2-600x600.png 600w, https:\/\/imagoart.eu\/wp-content\/uploads\/2026\/01\/Baletnica-2-300x300.png 300w, https:\/\/imagoart.eu\/wp-content\/uploads\/2026\/01\/Baletnica-2-150x150.png 150w, https:\/\/imagoart.eu\/wp-content\/uploads\/2026\/01\/Baletnica-2-768x768.png 768w, https:\/\/imagoart.eu\/wp-content\/uploads\/2026\/01\/Baletnica-2-100x100.png 100w, https:\/\/imagoart.eu\/wp-content\/uploads\/2026\/01\/Baletnica-2.png 1024w\" sizes=\"auto, (max-width: 600px) 100vw, 600px\" \/><h2 class=\"woocommerce-loop-product__title\">Baletnica<\/h2>\n\t<span class=\"price\"><span class=\"woocommerce-Price-amount amount\" aria-hidden=\"true\"><bdi>39,00&nbsp;<span class=\"woocommerce-Price-currencySymbol\">&#122;&#322;<\/span><\/bdi><\/span> <span aria-hidden=\"true\">&ndash;<\/span> <span class=\"woocommerce-Price-amount amount\" aria-hidden=\"true\"><bdi>250,00&nbsp;<span class=\"woocommerce-Price-currencySymbol\">&#122;&#322;<\/span><\/bdi><\/span><span class=\"screen-reader-text\">Price range: 39,00&nbsp;&#122;&#322; through 250,00&nbsp;&#122;&#322;<\/span><\/span>\n<\/a><a href=\"https:\/\/imagoart.eu\/?product=baletnica\" aria-describedby=\"woocommerce_loop_add_to_cart_link_describedby_1864\" data-quantity=\"1\" class=\"button product_type_variable add_to_cart_button\" data-product_id=\"1864\" data-product_sku=\"\" aria-label=\"Select options for &ldquo;Baletnica&rdquo;\" rel=\"nofollow\">Select options<\/a>\t<span id=\"woocommerce_loop_add_to_cart_link_describedby_1864\" class=\"screen-reader-text\">\n\t\tThis product has multiple variants. The options may be chosen on the product page\t<\/span>\n<\/li>\n<li class=\"product type-product post-1310 status-publish instock product_cat-kolekcja-miasto product_cat-wszystkie has-post-thumbnail shipping-taxable purchasable product-type-variable\">\n\t<a href=\"https:\/\/imagoart.eu\/?product=italia\" class=\"woocommerce-LoopProduct-link woocommerce-loop-product__link\"><img loading=\"lazy\" decoding=\"async\" width=\"600\" height=\"600\" src=\"https:\/\/imagoart.eu\/wp-content\/uploads\/2025\/12\/Italy-600x600.png\" class=\"attachment-woocommerce_thumbnail size-woocommerce_thumbnail\" alt=\"Italia\" srcset=\"https:\/\/imagoart.eu\/wp-content\/uploads\/2025\/12\/Italy-600x600.png 600w, https:\/\/imagoart.eu\/wp-content\/uploads\/2025\/12\/Italy-300x300.png 300w, https:\/\/imagoart.eu\/wp-content\/uploads\/2025\/12\/Italy-150x150.png 150w, https:\/\/imagoart.eu\/wp-content\/uploads\/2025\/12\/Italy-768x768.png 768w, https:\/\/imagoart.eu\/wp-content\/uploads\/2025\/12\/Italy-100x100.png 100w, https:\/\/imagoart.eu\/wp-content\/uploads\/2025\/12\/Italy.png 1024w\" sizes=\"auto, (max-width: 600px) 100vw, 600px\" \/><h2 class=\"woocommerce-loop-product__title\">Italia<\/h2>\n\t<span class=\"price\"><span class=\"woocommerce-Price-amount amount\" aria-hidden=\"true\"><bdi>39,00&nbsp;<span class=\"woocommerce-Price-currencySymbol\">&#122;&#322;<\/span><\/bdi><\/span> <span aria-hidden=\"true\">&ndash;<\/span> <span class=\"woocommerce-Price-amount amount\" aria-hidden=\"true\"><bdi>250,00&nbsp;<span class=\"woocommerce-Price-currencySymbol\">&#122;&#322;<\/span><\/bdi><\/span><span class=\"screen-reader-text\">Price range: 39,00&nbsp;&#122;&#322; through 250,00&nbsp;&#122;&#322;<\/span><\/span>\n<\/a><a href=\"https:\/\/imagoart.eu\/?product=italia\" aria-describedby=\"woocommerce_loop_add_to_cart_link_describedby_1310\" data-quantity=\"1\" class=\"button product_type_variable add_to_cart_button\" data-product_id=\"1310\" data-product_sku=\"\" aria-label=\"Select options for &ldquo;Italia&rdquo;\" rel=\"nofollow\">Select options<\/a>\t<span id=\"woocommerce_loop_add_to_cart_link_describedby_1310\" class=\"screen-reader-text\">\n\t\tThis product has multiple variants. The options may be chosen on the product page\t<\/span>\n<\/li>\n<li class=\"product type-product post-145 status-publish last instock product_cat-kolekcja-miasto product_cat-obrazy-obrazy product_cat-wszystkie has-post-thumbnail shipping-taxable purchasable product-type-variable\">\n\t<a href=\"https:\/\/imagoart.eu\/?product=test4\" class=\"woocommerce-LoopProduct-link woocommerce-loop-product__link\"><img loading=\"lazy\" decoding=\"async\" width=\"600\" height=\"600\" src=\"https:\/\/imagoart.eu\/wp-content\/uploads\/2025\/11\/d5946dd5-3910-4c85-bcfc-702f7b581d31-600x600.png\" class=\"attachment-woocommerce_thumbnail size-woocommerce_thumbnail\" alt=\"Ludzie w deszczu\" srcset=\"https:\/\/imagoart.eu\/wp-content\/uploads\/2025\/11\/d5946dd5-3910-4c85-bcfc-702f7b581d31-600x600.png 600w, https:\/\/imagoart.eu\/wp-content\/uploads\/2025\/11\/d5946dd5-3910-4c85-bcfc-702f7b581d31-300x300.png 300w, https:\/\/imagoart.eu\/wp-content\/uploads\/2025\/11\/d5946dd5-3910-4c85-bcfc-702f7b581d31-150x150.png 150w, https:\/\/imagoart.eu\/wp-content\/uploads\/2025\/11\/d5946dd5-3910-4c85-bcfc-702f7b581d31-768x768.png 768w, https:\/\/imagoart.eu\/wp-content\/uploads\/2025\/11\/d5946dd5-3910-4c85-bcfc-702f7b581d31-100x100.png 100w, https:\/\/imagoart.eu\/wp-content\/uploads\/2025\/11\/d5946dd5-3910-4c85-bcfc-702f7b581d31.png 1024w\" sizes=\"auto, (max-width: 600px) 100vw, 600px\" \/><h2 class=\"woocommerce-loop-product__title\">Ludzie w deszczu<\/h2>\n\t<span class=\"price\"><span class=\"woocommerce-Price-amount amount\" aria-hidden=\"true\"><bdi>39,00&nbsp;<span class=\"woocommerce-Price-currencySymbol\">&#122;&#322;<\/span><\/bdi><\/span> <span aria-hidden=\"true\">&ndash;<\/span> <span class=\"woocommerce-Price-amount amount\" aria-hidden=\"true\"><bdi>250,00&nbsp;<span class=\"woocommerce-Price-currencySymbol\">&#122;&#322;<\/span><\/bdi><\/span><span class=\"screen-reader-text\">Price range: 39,00&nbsp;&#122;&#322; through 250,00&nbsp;&#122;&#322;<\/span><\/span>\n<\/a><a href=\"https:\/\/imagoart.eu\/?product=test4\" aria-describedby=\"woocommerce_loop_add_to_cart_link_describedby_145\" data-quantity=\"1\" class=\"button product_type_variable add_to_cart_button\" data-product_id=\"145\" data-product_sku=\"\" aria-label=\"Select options for &ldquo;Ludzie w deszczu&rdquo;\" rel=\"nofollow\">Select options<\/a>\t<span id=\"woocommerce_loop_add_to_cart_link_describedby_145\" class=\"screen-reader-text\">\n\t\tThis product has multiple variants. The options may be chosen on the product page\t<\/span>\n<\/li>\n<li class=\"product type-product post-472 status-publish first instock product_cat-bestsselery product_cat-kolekcja-miasto product_cat-obrazy-obrazy product_cat-wszystkie has-post-thumbnail shipping-taxable purchasable product-type-variable\">\n\t<a href=\"https:\/\/imagoart.eu\/?product=sciana-z-cegly\" class=\"woocommerce-LoopProduct-link woocommerce-loop-product__link\"><img loading=\"lazy\" decoding=\"async\" width=\"600\" height=\"600\" src=\"https:\/\/imagoart.eu\/wp-content\/uploads\/2025\/11\/ChatGPT-Image-26-lis-2025-14_42_24-600x600.png\" class=\"attachment-woocommerce_thumbnail size-woocommerce_thumbnail\" alt=\"\u015aciana z ceg\u0142y\" srcset=\"https:\/\/imagoart.eu\/wp-content\/uploads\/2025\/11\/ChatGPT-Image-26-lis-2025-14_42_24-600x600.png 600w, https:\/\/imagoart.eu\/wp-content\/uploads\/2025\/11\/ChatGPT-Image-26-lis-2025-14_42_24-300x300.png 300w, https:\/\/imagoart.eu\/wp-content\/uploads\/2025\/11\/ChatGPT-Image-26-lis-2025-14_42_24-150x150.png 150w, https:\/\/imagoart.eu\/wp-content\/uploads\/2025\/11\/ChatGPT-Image-26-lis-2025-14_42_24-768x768.png 768w, https:\/\/imagoart.eu\/wp-content\/uploads\/2025\/11\/ChatGPT-Image-26-lis-2025-14_42_24-100x100.png 100w, https:\/\/imagoart.eu\/wp-content\/uploads\/2025\/11\/ChatGPT-Image-26-lis-2025-14_42_24.png 1024w\" sizes=\"auto, (max-width: 600px) 100vw, 600px\" \/><h2 class=\"woocommerce-loop-product__title\">\u015aciana z ceg\u0142y<\/h2>\n\t<span class=\"price\"><span class=\"woocommerce-Price-amount amount\" aria-hidden=\"true\"><bdi>39,00&nbsp;<span class=\"woocommerce-Price-currencySymbol\">&#122;&#322;<\/span><\/bdi><\/span> <span aria-hidden=\"true\">&ndash;<\/span> <span class=\"woocommerce-Price-amount amount\" aria-hidden=\"true\"><bdi>250,00&nbsp;<span class=\"woocommerce-Price-currencySymbol\">&#122;&#322;<\/span><\/bdi><\/span><span class=\"screen-reader-text\">Price range: 39,00&nbsp;&#122;&#322; through 250,00&nbsp;&#122;&#322;<\/span><\/span>\n<\/a><a href=\"https:\/\/imagoart.eu\/?product=sciana-z-cegly\" aria-describedby=\"woocommerce_loop_add_to_cart_link_describedby_472\" data-quantity=\"1\" class=\"button product_type_variable add_to_cart_button\" data-product_id=\"472\" data-product_sku=\"\" aria-label=\"Select options for &ldquo;\u015aciana z ceg\u0142y&rdquo;\" rel=\"nofollow\">Select options<\/a>\t<span id=\"woocommerce_loop_add_to_cart_link_describedby_472\" class=\"screen-reader-text\">\n\t\tThis product has multiple variants. The options may be chosen on the product page\t<\/span>\n<\/li>\n<li class=\"product type-product post-668 status-publish instock product_cat-kolekcja-miasto product_cat-wszystkie has-post-thumbnail shipping-taxable purchasable product-type-variable\">\n\t<a href=\"https:\/\/imagoart.eu\/?product=668\" class=\"woocommerce-LoopProduct-link woocommerce-loop-product__link\"><img loading=\"lazy\" decoding=\"async\" width=\"600\" height=\"600\" src=\"https:\/\/imagoart.eu\/wp-content\/uploads\/2025\/12\/Paryz-600x600.png\" class=\"attachment-woocommerce_thumbnail size-woocommerce_thumbnail\" alt=\"Wenecja\" srcset=\"https:\/\/imagoart.eu\/wp-content\/uploads\/2025\/12\/Paryz-600x600.png 600w, https:\/\/imagoart.eu\/wp-content\/uploads\/2025\/12\/Paryz-300x300.png 300w, https:\/\/imagoart.eu\/wp-content\/uploads\/2025\/12\/Paryz-150x150.png 150w, https:\/\/imagoart.eu\/wp-content\/uploads\/2025\/12\/Paryz-768x768.png 768w, https:\/\/imagoart.eu\/wp-content\/uploads\/2025\/12\/Paryz-100x100.png 100w, https:\/\/imagoart.eu\/wp-content\/uploads\/2025\/12\/Paryz.png 1024w\" sizes=\"auto, (max-width: 600px) 100vw, 600px\" \/><h2 class=\"woocommerce-loop-product__title\">Wenecja<\/h2>\n\t<span class=\"price\"><span class=\"woocommerce-Price-amount amount\" aria-hidden=\"true\"><bdi>39,00&nbsp;<span class=\"woocommerce-Price-currencySymbol\">&#122;&#322;<\/span><\/bdi><\/span> <span aria-hidden=\"true\">&ndash;<\/span> <span class=\"woocommerce-Price-amount amount\" aria-hidden=\"true\"><bdi>250,00&nbsp;<span class=\"woocommerce-Price-currencySymbol\">&#122;&#322;<\/span><\/bdi><\/span><span class=\"screen-reader-text\">Price range: 39,00&nbsp;&#122;&#322; through 250,00&nbsp;&#122;&#322;<\/span><\/span>\n<\/a><a href=\"https:\/\/imagoart.eu\/?product=668\" aria-describedby=\"woocommerce_loop_add_to_cart_link_describedby_668\" data-quantity=\"1\" class=\"button product_type_variable add_to_cart_button\" data-product_id=\"668\" data-product_sku=\"\" aria-label=\"Select options for &ldquo;Wenecja&rdquo;\" rel=\"nofollow\">Select options<\/a>\t<span id=\"woocommerce_loop_add_to_cart_link_describedby_668\" class=\"screen-reader-text\">\n\t\tThis product has multiple variants. The options may be chosen on the product page\t<\/span>\n<\/li>\n<\/ul>\n<\/div><\/p>\n<div style=\"height: 20px;\" aria-hidden=\"true\"><\/div>\n<\/div>\n","protected":false},"excerpt":{"rendered":"","protected":false},"author":1,"featured_media":0,"parent":0,"menu_order":0,"comment_status":"closed","ping_status":"closed","template":"","meta":{"_joinchat":[],"footnotes":""},"class_list":["post-1576","page","type-page","status-publish","hentry"],"jetpack_sharing_enabled":true,"_links":{"self":[{"href":"https:\/\/imagoart.eu\/index.php?rest_route=\/wp\/v2\/pages\/1576","targetHints":{"allow":["GET"]}}],"collection":[{"href":"https:\/\/imagoart.eu\/index.php?rest_route=\/wp\/v2\/pages"}],"about":[{"href":"https:\/\/imagoart.eu\/index.php?rest_route=\/wp\/v2\/types\/page"}],"author":[{"embeddable":true,"href":"https:\/\/imagoart.eu\/index.php?rest_route=\/wp\/v2\/users\/1"}],"replies":[{"embeddable":true,"href":"https:\/\/imagoart.eu\/index.php?rest_route=%2Fwp%2Fv2%2Fcomments&post=1576"}],"version-history":[{"count":3,"href":"https:\/\/imagoart.eu\/index.php?rest_route=\/wp\/v2\/pages\/1576\/revisions"}],"predecessor-version":[{"id":1589,"href":"https:\/\/imagoart.eu\/index.php?rest_route=\/wp\/v2\/pages\/1576\/revisions\/1589"}],"wp:attachment":[{"href":"https:\/\/imagoart.eu\/index.php?rest_route=%2Fwp%2Fv2%2Fmedia&parent=1576"}],"curies":[{"name":"wp","href":"https:\/\/api.w.org\/{rel}","templated":true}]}}