{"id":1580,"date":"2026-01-01T15:14:53","date_gmt":"2026-01-01T14:14:53","guid":{"rendered":"https:\/\/imagoart.eu\/?page_id=1580"},"modified":"2026-01-01T15:21:44","modified_gmt":"2026-01-01T14:21:44","slug":"kolekcja-fotografie","status":"publish","type":"page","link":"https:\/\/imagoart.eu\/?page_id=1580","title":{"rendered":"Kolekcja Fotografie"},"content":{"rendered":"<p><!-- WA\u017bNE: margines pod headerem, aby tre\u015b\u0107 nie nachodzi\u0142a --><\/p>\n<div style=\"height: -80px;\"><\/div>\n<p><!-- G\u0141\u00d3WNA SEKCJA Z PRODUKTAMI KATEGORII \"wszystkie\" --><\/p>\n<div style=\"margin-top: 0; margin-bottom: 0; padding: 40px var(--wp--style--root--padding-right, 4vw) 40px var(--wp--style--root--padding-left, 4vw);\">\n<div style=\"height: 20px;\" aria-hidden=\"true\"><\/div>\n<p><!-- Shortcode WooCommerce \u2013 TYLKO produkty z kategorii 'wszystkie' --><br \/>\n<div class=\"woocommerce columns-3 \"><div class=\"woocommerce-notices-wrapper\"><\/div><ul class=\"products columns-3\">\n<li class=\"product type-product post-1312 status-publish first instock product_cat-bestsselery product_cat-kolekcja-fotografie product_cat-wszystkie has-post-thumbnail shipping-taxable purchasable product-type-variable\">\n\t<a href=\"https:\/\/imagoart.eu\/?product=road-66\" class=\"woocommerce-LoopProduct-link woocommerce-loop-product__link\"><img loading=\"lazy\" decoding=\"async\" width=\"600\" height=\"600\" src=\"https:\/\/imagoart.eu\/wp-content\/uploads\/2025\/12\/9cf6d7f1-7343-4134-b204-6e0b73e9765f-600x600.png\" class=\"attachment-woocommerce_thumbnail size-woocommerce_thumbnail\" alt=\"Route 66\" srcset=\"https:\/\/imagoart.eu\/wp-content\/uploads\/2025\/12\/9cf6d7f1-7343-4134-b204-6e0b73e9765f-600x600.png 600w, https:\/\/imagoart.eu\/wp-content\/uploads\/2025\/12\/9cf6d7f1-7343-4134-b204-6e0b73e9765f-300x300.png 300w, https:\/\/imagoart.eu\/wp-content\/uploads\/2025\/12\/9cf6d7f1-7343-4134-b204-6e0b73e9765f-150x150.png 150w, https:\/\/imagoart.eu\/wp-content\/uploads\/2025\/12\/9cf6d7f1-7343-4134-b204-6e0b73e9765f-768x768.png 768w, https:\/\/imagoart.eu\/wp-content\/uploads\/2025\/12\/9cf6d7f1-7343-4134-b204-6e0b73e9765f-100x100.png 100w, https:\/\/imagoart.eu\/wp-content\/uploads\/2025\/12\/9cf6d7f1-7343-4134-b204-6e0b73e9765f.png 1024w\" sizes=\"auto, (max-width: 600px) 100vw, 600px\" \/><h2 class=\"woocommerce-loop-product__title\">Route 66<\/h2>\n\t<span class=\"price\"><span class=\"woocommerce-Price-amount amount\" aria-hidden=\"true\"><bdi>39,00&nbsp;<span class=\"woocommerce-Price-currencySymbol\">&#122;&#322;<\/span><\/bdi><\/span> <span aria-hidden=\"true\">&ndash;<\/span> <span class=\"woocommerce-Price-amount amount\" aria-hidden=\"true\"><bdi>250,00&nbsp;<span class=\"woocommerce-Price-currencySymbol\">&#122;&#322;<\/span><\/bdi><\/span><span class=\"screen-reader-text\">Price range: 39,00&nbsp;&#122;&#322; through 250,00&nbsp;&#122;&#322;<\/span><\/span>\n<\/a><a href=\"https:\/\/imagoart.eu\/?product=road-66\" aria-describedby=\"woocommerce_loop_add_to_cart_link_describedby_1312\" data-quantity=\"1\" class=\"button product_type_variable add_to_cart_button\" data-product_id=\"1312\" data-product_sku=\"\" aria-label=\"Select options for &ldquo;Route 66&rdquo;\" rel=\"nofollow\">Select options<\/a>\t<span id=\"woocommerce_loop_add_to_cart_link_describedby_1312\" class=\"screen-reader-text\">\n\t\tThis product has multiple variants. The options may be chosen on the product page\t<\/span>\n<\/li>\n<\/ul>\n<\/div><\/p>\n<div style=\"height: 20px;\" aria-hidden=\"true\"><\/div>\n<\/div>\n","protected":false},"excerpt":{"rendered":"","protected":false},"author":1,"featured_media":0,"parent":0,"menu_order":0,"comment_status":"closed","ping_status":"closed","template":"","meta":{"_joinchat":[],"footnotes":""},"class_list":["post-1580","page","type-page","status-publish","hentry"],"jetpack_sharing_enabled":true,"_links":{"self":[{"href":"https:\/\/imagoart.eu\/index.php?rest_route=\/wp\/v2\/pages\/1580","targetHints":{"allow":["GET"]}}],"collection":[{"href":"https:\/\/imagoart.eu\/index.php?rest_route=\/wp\/v2\/pages"}],"about":[{"href":"https:\/\/imagoart.eu\/index.php?rest_route=\/wp\/v2\/types\/page"}],"author":[{"embeddable":true,"href":"https:\/\/imagoart.eu\/index.php?rest_route=\/wp\/v2\/users\/1"}],"replies":[{"embeddable":true,"href":"https:\/\/imagoart.eu\/index.php?rest_route=%2Fwp%2Fv2%2Fcomments&post=1580"}],"version-history":[{"count":3,"href":"https:\/\/imagoart.eu\/index.php?rest_route=\/wp\/v2\/pages\/1580\/revisions"}],"predecessor-version":[{"id":1588,"href":"https:\/\/imagoart.eu\/index.php?rest_route=\/wp\/v2\/pages\/1580\/revisions\/1588"}],"wp:attachment":[{"href":"https:\/\/imagoart.eu\/index.php?rest_route=%2Fwp%2Fv2%2Fmedia&parent=1580"}],"curies":[{"name":"wp","href":"https:\/\/api.w.org\/{rel}","templated":true}]}}