{"id":1582,"date":"2026-01-01T15:15:22","date_gmt":"2026-01-01T14:15:22","guid":{"rendered":"https:\/\/imagoart.eu\/?page_id=1582"},"modified":"2026-01-01T15:20:30","modified_gmt":"2026-01-01T14:20:30","slug":"kolekcja-cytaty","status":"publish","type":"page","link":"https:\/\/imagoart.eu\/?page_id=1582","title":{"rendered":"Kolekcja Cytaty"},"content":{"rendered":"<p><!-- WA\u017bNE: margines pod headerem, aby tre\u015b\u0107 nie nachodzi\u0142a --><\/p>\n<div style=\"height: -80px;\"><\/div>\n<p><!-- G\u0141\u00d3WNA SEKCJA Z PRODUKTAMI KATEGORII \"wszystkie\" --><\/p>\n<div style=\"margin-top: 0; margin-bottom: 0; padding: 40px var(--wp--style--root--padding-right, 4vw) 40px var(--wp--style--root--padding-left, 4vw);\">\n<div style=\"height: 20px;\" aria-hidden=\"true\"><\/div>\n<p><!-- Shortcode WooCommerce \u2013 TYLKO produkty z kategorii 'wszystkie' --><br \/>\n<div class=\"woocommerce columns-3 \"><div class=\"woocommerce-notices-wrapper\"><\/div><ul class=\"products columns-3\">\n<li class=\"product type-product post-1641 status-publish first instock product_cat-kolekcja-cytaty product_cat-wszystkie has-post-thumbnail shipping-taxable purchasable product-type-variable\">\n\t<a href=\"https:\/\/imagoart.eu\/?product=cytat-1\" class=\"woocommerce-LoopProduct-link woocommerce-loop-product__link\"><img loading=\"lazy\" decoding=\"async\" width=\"600\" height=\"600\" src=\"https:\/\/imagoart.eu\/wp-content\/uploads\/2026\/01\/bae2e3ba-e1c7-48e8-98bb-9af69c1d443e-600x600.png\" class=\"attachment-woocommerce_thumbnail size-woocommerce_thumbnail\" alt=\"Cytat 1\" srcset=\"https:\/\/imagoart.eu\/wp-content\/uploads\/2026\/01\/bae2e3ba-e1c7-48e8-98bb-9af69c1d443e-600x600.png 600w, https:\/\/imagoart.eu\/wp-content\/uploads\/2026\/01\/bae2e3ba-e1c7-48e8-98bb-9af69c1d443e-300x300.png 300w, https:\/\/imagoart.eu\/wp-content\/uploads\/2026\/01\/bae2e3ba-e1c7-48e8-98bb-9af69c1d443e-150x150.png 150w, https:\/\/imagoart.eu\/wp-content\/uploads\/2026\/01\/bae2e3ba-e1c7-48e8-98bb-9af69c1d443e-768x768.png 768w, https:\/\/imagoart.eu\/wp-content\/uploads\/2026\/01\/bae2e3ba-e1c7-48e8-98bb-9af69c1d443e-100x100.png 100w, https:\/\/imagoart.eu\/wp-content\/uploads\/2026\/01\/bae2e3ba-e1c7-48e8-98bb-9af69c1d443e.png 1024w\" sizes=\"auto, (max-width: 600px) 100vw, 600px\" \/><h2 class=\"woocommerce-loop-product__title\">Cytat 1<\/h2>\n\t<span class=\"price\"><span class=\"woocommerce-Price-amount amount\" aria-hidden=\"true\"><bdi>39,00&nbsp;<span class=\"woocommerce-Price-currencySymbol\">&#122;&#322;<\/span><\/bdi><\/span> <span aria-hidden=\"true\">&ndash;<\/span> <span class=\"woocommerce-Price-amount amount\" aria-hidden=\"true\"><bdi>250,00&nbsp;<span class=\"woocommerce-Price-currencySymbol\">&#122;&#322;<\/span><\/bdi><\/span><span class=\"screen-reader-text\">Price range: 39,00&nbsp;&#122;&#322; through 250,00&nbsp;&#122;&#322;<\/span><\/span>\n<\/a><a href=\"https:\/\/imagoart.eu\/?product=cytat-1\" aria-describedby=\"woocommerce_loop_add_to_cart_link_describedby_1641\" data-quantity=\"1\" class=\"button product_type_variable add_to_cart_button\" data-product_id=\"1641\" data-product_sku=\"\" aria-label=\"Select options for &ldquo;Cytat 1&rdquo;\" rel=\"nofollow\">Select options<\/a>\t<span id=\"woocommerce_loop_add_to_cart_link_describedby_1641\" class=\"screen-reader-text\">\n\t\tThis product has multiple variants. The options may be chosen on the product page\t<\/span>\n<\/li>\n<\/ul>\n<\/div><\/p>\n<div style=\"height: 20px;\" aria-hidden=\"true\"><\/div>\n<\/div>\n","protected":false},"excerpt":{"rendered":"","protected":false},"author":1,"featured_media":0,"parent":0,"menu_order":0,"comment_status":"closed","ping_status":"closed","template":"","meta":{"_joinchat":[],"footnotes":""},"class_list":["post-1582","page","type-page","status-publish","hentry"],"jetpack_sharing_enabled":true,"_links":{"self":[{"href":"https:\/\/imagoart.eu\/index.php?rest_route=\/wp\/v2\/pages\/1582","targetHints":{"allow":["GET"]}}],"collection":[{"href":"https:\/\/imagoart.eu\/index.php?rest_route=\/wp\/v2\/pages"}],"about":[{"href":"https:\/\/imagoart.eu\/index.php?rest_route=\/wp\/v2\/types\/page"}],"author":[{"embeddable":true,"href":"https:\/\/imagoart.eu\/index.php?rest_route=\/wp\/v2\/users\/1"}],"replies":[{"embeddable":true,"href":"https:\/\/imagoart.eu\/index.php?rest_route=%2Fwp%2Fv2%2Fcomments&post=1582"}],"version-history":[{"count":3,"href":"https:\/\/imagoart.eu\/index.php?rest_route=\/wp\/v2\/pages\/1582\/revisions"}],"predecessor-version":[{"id":1587,"href":"https:\/\/imagoart.eu\/index.php?rest_route=\/wp\/v2\/pages\/1582\/revisions\/1587"}],"wp:attachment":[{"href":"https:\/\/imagoart.eu\/index.php?rest_route=%2Fwp%2Fv2%2Fmedia&parent=1582"}],"curies":[{"name":"wp","href":"https:\/\/api.w.org\/{rel}","templated":true}]}}