{"id":275,"date":"2025-11-25T20:09:52","date_gmt":"2025-11-25T19:09:52","guid":{"rendered":"http:\/\/imagoart.eu\/?page_id=275"},"modified":"2025-12-31T11:24:36","modified_gmt":"2025-12-31T10:24:36","slug":"obrazy","status":"publish","type":"page","link":"https:\/\/imagoart.eu\/?page_id=275","title":{"rendered":"Obrazy na g\u0142\u00f3wnej"},"content":{"rendered":"<p><!-- G\u0141\u00d3WNA SEKCJA Z PRODUKTAMI KATEGORII \"wszystkie\" --><\/p>\n<div style=\"\n  margin-top:0;\n  margin-bottom:0;\n  padding-top:40px;\n  padding-bottom:40px;\n  padding-left:var(--wp--style--root--padding-left, 4vw);\n  padding-right:var(--wp--style--root--padding-right, 4vw);\n\"><\/p>\n<div style=\"height:20px\" aria-hidden=\"true\"><\/div>\n<p>  <!-- Shortcode WooCommerce \u2013 TYLKO produkty z kategorii 'wszystkie' --><br \/>\n  <div class=\"woocommerce columns-3 \"><div class=\"woocommerce-notices-wrapper\"><\/div><ul class=\"products columns-3\">\n<li class=\"product type-product post-1680 status-publish first instock product_cat-kolekcja-dzieci-kolekcja-dzieci product_cat-wszystkie has-post-thumbnail shipping-taxable purchasable product-type-variable\">\n\t<a href=\"https:\/\/imagoart.eu\/?product=anima\" class=\"woocommerce-LoopProduct-link woocommerce-loop-product__link\"><img loading=\"lazy\" decoding=\"async\" width=\"600\" height=\"600\" src=\"https:\/\/imagoart.eu\/wp-content\/uploads\/2026\/01\/anima_1000x1000-600x600.png\" class=\"attachment-woocommerce_thumbnail size-woocommerce_thumbnail\" alt=\"Anima\" srcset=\"https:\/\/imagoart.eu\/wp-content\/uploads\/2026\/01\/anima_1000x1000-600x600.png 600w, https:\/\/imagoart.eu\/wp-content\/uploads\/2026\/01\/anima_1000x1000-300x300.png 300w, https:\/\/imagoart.eu\/wp-content\/uploads\/2026\/01\/anima_1000x1000-150x150.png 150w, https:\/\/imagoart.eu\/wp-content\/uploads\/2026\/01\/anima_1000x1000-768x768.png 768w, https:\/\/imagoart.eu\/wp-content\/uploads\/2026\/01\/anima_1000x1000-100x100.png 100w, https:\/\/imagoart.eu\/wp-content\/uploads\/2026\/01\/anima_1000x1000.png 1000w\" sizes=\"auto, (max-width: 600px) 100vw, 600px\" \/><h2 class=\"woocommerce-loop-product__title\">Anima<\/h2>\n\t<span class=\"price\"><span class=\"woocommerce-Price-amount amount\" aria-hidden=\"true\"><bdi>39,00&nbsp;<span class=\"woocommerce-Price-currencySymbol\">&#122;&#322;<\/span><\/bdi><\/span> <span aria-hidden=\"true\">&ndash;<\/span> <span class=\"woocommerce-Price-amount amount\" aria-hidden=\"true\"><bdi>250,00&nbsp;<span class=\"woocommerce-Price-currencySymbol\">&#122;&#322;<\/span><\/bdi><\/span><span class=\"screen-reader-text\">Price range: 39,00&nbsp;&#122;&#322; through 250,00&nbsp;&#122;&#322;<\/span><\/span>\n<\/a><a href=\"https:\/\/imagoart.eu\/?product=anima\" aria-describedby=\"woocommerce_loop_add_to_cart_link_describedby_1680\" data-quantity=\"1\" class=\"button product_type_variable add_to_cart_button\" data-product_id=\"1680\" data-product_sku=\"\" aria-label=\"Select options for &ldquo;Anima&rdquo;\" rel=\"nofollow\">Select options<\/a>\t<span id=\"woocommerce_loop_add_to_cart_link_describedby_1680\" class=\"screen-reader-text\">\n\t\tThis product has multiple variants. The options may be chosen on the product page\t<\/span>\n<\/li>\n<li class=\"product type-product post-1864 status-publish instock product_cat-kolekcja-miasto product_cat-wszystkie has-post-thumbnail shipping-taxable purchasable product-type-variable\">\n\t<a href=\"https:\/\/imagoart.eu\/?product=baletnica\" class=\"woocommerce-LoopProduct-link woocommerce-loop-product__link\"><img loading=\"lazy\" decoding=\"async\" width=\"600\" height=\"600\" src=\"https:\/\/imagoart.eu\/wp-content\/uploads\/2026\/01\/Baletnica-2-600x600.png\" class=\"attachment-woocommerce_thumbnail size-woocommerce_thumbnail\" alt=\"Baletnica\" srcset=\"https:\/\/imagoart.eu\/wp-content\/uploads\/2026\/01\/Baletnica-2-600x600.png 600w, https:\/\/imagoart.eu\/wp-content\/uploads\/2026\/01\/Baletnica-2-300x300.png 300w, https:\/\/imagoart.eu\/wp-content\/uploads\/2026\/01\/Baletnica-2-150x150.png 150w, https:\/\/imagoart.eu\/wp-content\/uploads\/2026\/01\/Baletnica-2-768x768.png 768w, https:\/\/imagoart.eu\/wp-content\/uploads\/2026\/01\/Baletnica-2-100x100.png 100w, https:\/\/imagoart.eu\/wp-content\/uploads\/2026\/01\/Baletnica-2.png 1024w\" sizes=\"auto, (max-width: 600px) 100vw, 600px\" \/><h2 class=\"woocommerce-loop-product__title\">Baletnica<\/h2>\n\t<span class=\"price\"><span class=\"woocommerce-Price-amount amount\" aria-hidden=\"true\"><bdi>39,00&nbsp;<span class=\"woocommerce-Price-currencySymbol\">&#122;&#322;<\/span><\/bdi><\/span> <span aria-hidden=\"true\">&ndash;<\/span> <span class=\"woocommerce-Price-amount amount\" aria-hidden=\"true\"><bdi>250,00&nbsp;<span class=\"woocommerce-Price-currencySymbol\">&#122;&#322;<\/span><\/bdi><\/span><span class=\"screen-reader-text\">Price range: 39,00&nbsp;&#122;&#322; through 250,00&nbsp;&#122;&#322;<\/span><\/span>\n<\/a><a href=\"https:\/\/imagoart.eu\/?product=baletnica\" aria-describedby=\"woocommerce_loop_add_to_cart_link_describedby_1864\" data-quantity=\"1\" class=\"button product_type_variable add_to_cart_button\" data-product_id=\"1864\" data-product_sku=\"\" aria-label=\"Select options for &ldquo;Baletnica&rdquo;\" rel=\"nofollow\">Select options<\/a>\t<span id=\"woocommerce_loop_add_to_cart_link_describedby_1864\" class=\"screen-reader-text\">\n\t\tThis product has multiple variants. The options may be chosen on the product page\t<\/span>\n<\/li>\n<li class=\"product type-product post-1660 status-publish last instock product_cat-kolekcja-dzieci-kolekcja-dzieci product_cat-wszystkie has-post-thumbnail shipping-taxable purchasable product-type-variable\">\n\t<a href=\"https:\/\/imagoart.eu\/?product=balon\" class=\"woocommerce-LoopProduct-link woocommerce-loop-product__link\"><img loading=\"lazy\" decoding=\"async\" width=\"600\" height=\"600\" src=\"https:\/\/imagoart.eu\/wp-content\/uploads\/2026\/01\/31f03ac0-1be6-41fb-852f-fdd59f67888d-600x600.png\" class=\"attachment-woocommerce_thumbnail size-woocommerce_thumbnail\" alt=\"Balon\" srcset=\"https:\/\/imagoart.eu\/wp-content\/uploads\/2026\/01\/31f03ac0-1be6-41fb-852f-fdd59f67888d-600x600.png 600w, https:\/\/imagoart.eu\/wp-content\/uploads\/2026\/01\/31f03ac0-1be6-41fb-852f-fdd59f67888d-300x300.png 300w, https:\/\/imagoart.eu\/wp-content\/uploads\/2026\/01\/31f03ac0-1be6-41fb-852f-fdd59f67888d-150x150.png 150w, https:\/\/imagoart.eu\/wp-content\/uploads\/2026\/01\/31f03ac0-1be6-41fb-852f-fdd59f67888d-768x768.png 768w, https:\/\/imagoart.eu\/wp-content\/uploads\/2026\/01\/31f03ac0-1be6-41fb-852f-fdd59f67888d-100x100.png 100w, https:\/\/imagoart.eu\/wp-content\/uploads\/2026\/01\/31f03ac0-1be6-41fb-852f-fdd59f67888d.png 1024w\" sizes=\"auto, (max-width: 600px) 100vw, 600px\" \/><h2 class=\"woocommerce-loop-product__title\">Balon<\/h2>\n\t<span class=\"price\"><span class=\"woocommerce-Price-amount amount\" aria-hidden=\"true\"><bdi>39,00&nbsp;<span class=\"woocommerce-Price-currencySymbol\">&#122;&#322;<\/span><\/bdi><\/span> <span aria-hidden=\"true\">&ndash;<\/span> <span class=\"woocommerce-Price-amount amount\" aria-hidden=\"true\"><bdi>250,00&nbsp;<span class=\"woocommerce-Price-currencySymbol\">&#122;&#322;<\/span><\/bdi><\/span><span class=\"screen-reader-text\">Price range: 39,00&nbsp;&#122;&#322; through 250,00&nbsp;&#122;&#322;<\/span><\/span>\n<\/a><a href=\"https:\/\/imagoart.eu\/?product=balon\" aria-describedby=\"woocommerce_loop_add_to_cart_link_describedby_1660\" data-quantity=\"1\" class=\"button product_type_variable add_to_cart_button\" data-product_id=\"1660\" data-product_sku=\"\" aria-label=\"Select options for &ldquo;Balon&rdquo;\" rel=\"nofollow\">Select options<\/a>\t<span id=\"woocommerce_loop_add_to_cart_link_describedby_1660\" class=\"screen-reader-text\">\n\t\tThis product has multiple variants. The options may be chosen on the product page\t<\/span>\n<\/li>\n<li class=\"product type-product post-1641 status-publish first instock product_cat-kolekcja-cytaty product_cat-wszystkie has-post-thumbnail shipping-taxable purchasable product-type-variable\">\n\t<a href=\"https:\/\/imagoart.eu\/?product=cytat-1\" class=\"woocommerce-LoopProduct-link woocommerce-loop-product__link\"><img loading=\"lazy\" decoding=\"async\" width=\"600\" height=\"600\" src=\"https:\/\/imagoart.eu\/wp-content\/uploads\/2026\/01\/bae2e3ba-e1c7-48e8-98bb-9af69c1d443e-600x600.png\" class=\"attachment-woocommerce_thumbnail size-woocommerce_thumbnail\" alt=\"Cytat 1\" srcset=\"https:\/\/imagoart.eu\/wp-content\/uploads\/2026\/01\/bae2e3ba-e1c7-48e8-98bb-9af69c1d443e-600x600.png 600w, https:\/\/imagoart.eu\/wp-content\/uploads\/2026\/01\/bae2e3ba-e1c7-48e8-98bb-9af69c1d443e-300x300.png 300w, https:\/\/imagoart.eu\/wp-content\/uploads\/2026\/01\/bae2e3ba-e1c7-48e8-98bb-9af69c1d443e-150x150.png 150w, https:\/\/imagoart.eu\/wp-content\/uploads\/2026\/01\/bae2e3ba-e1c7-48e8-98bb-9af69c1d443e-768x768.png 768w, https:\/\/imagoart.eu\/wp-content\/uploads\/2026\/01\/bae2e3ba-e1c7-48e8-98bb-9af69c1d443e-100x100.png 100w, https:\/\/imagoart.eu\/wp-content\/uploads\/2026\/01\/bae2e3ba-e1c7-48e8-98bb-9af69c1d443e.png 1024w\" sizes=\"auto, (max-width: 600px) 100vw, 600px\" \/><h2 class=\"woocommerce-loop-product__title\">Cytat 1<\/h2>\n\t<span class=\"price\"><span class=\"woocommerce-Price-amount amount\" aria-hidden=\"true\"><bdi>39,00&nbsp;<span class=\"woocommerce-Price-currencySymbol\">&#122;&#322;<\/span><\/bdi><\/span> <span aria-hidden=\"true\">&ndash;<\/span> <span class=\"woocommerce-Price-amount amount\" aria-hidden=\"true\"><bdi>250,00&nbsp;<span class=\"woocommerce-Price-currencySymbol\">&#122;&#322;<\/span><\/bdi><\/span><span class=\"screen-reader-text\">Price range: 39,00&nbsp;&#122;&#322; through 250,00&nbsp;&#122;&#322;<\/span><\/span>\n<\/a><a href=\"https:\/\/imagoart.eu\/?product=cytat-1\" aria-describedby=\"woocommerce_loop_add_to_cart_link_describedby_1641\" data-quantity=\"1\" class=\"button product_type_variable add_to_cart_button\" data-product_id=\"1641\" data-product_sku=\"\" aria-label=\"Select options for &ldquo;Cytat 1&rdquo;\" rel=\"nofollow\">Select options<\/a>\t<span id=\"woocommerce_loop_add_to_cart_link_describedby_1641\" class=\"screen-reader-text\">\n\t\tThis product has multiple variants. The options may be chosen on the product page\t<\/span>\n<\/li>\n<li class=\"product type-product post-199 status-publish instock product_cat-kolekcja-natura-kolekcja-natura product_cat-obrazy-obrazy product_cat-wszystkie has-post-thumbnail shipping-taxable purchasable product-type-variable\">\n\t<a href=\"https:\/\/imagoart.eu\/?product=fffff\" class=\"woocommerce-LoopProduct-link woocommerce-loop-product__link\"><img loading=\"lazy\" decoding=\"async\" width=\"600\" height=\"600\" src=\"https:\/\/imagoart.eu\/wp-content\/uploads\/2025\/11\/70b817a2-6c21-4cca-bd08-9358ff3e1073-600x600.png\" class=\"attachment-woocommerce_thumbnail size-woocommerce_thumbnail\" alt=\"Dmuchawce\" srcset=\"https:\/\/imagoart.eu\/wp-content\/uploads\/2025\/11\/70b817a2-6c21-4cca-bd08-9358ff3e1073-600x600.png 600w, https:\/\/imagoart.eu\/wp-content\/uploads\/2025\/11\/70b817a2-6c21-4cca-bd08-9358ff3e1073-300x300.png 300w, https:\/\/imagoart.eu\/wp-content\/uploads\/2025\/11\/70b817a2-6c21-4cca-bd08-9358ff3e1073-150x150.png 150w, https:\/\/imagoart.eu\/wp-content\/uploads\/2025\/11\/70b817a2-6c21-4cca-bd08-9358ff3e1073-768x768.png 768w, https:\/\/imagoart.eu\/wp-content\/uploads\/2025\/11\/70b817a2-6c21-4cca-bd08-9358ff3e1073-100x100.png 100w, https:\/\/imagoart.eu\/wp-content\/uploads\/2025\/11\/70b817a2-6c21-4cca-bd08-9358ff3e1073.png 1024w\" sizes=\"auto, (max-width: 600px) 100vw, 600px\" \/><h2 class=\"woocommerce-loop-product__title\">Dmuchawce<\/h2>\n\t<span class=\"price\"><span class=\"woocommerce-Price-amount amount\" aria-hidden=\"true\"><bdi>39,00&nbsp;<span class=\"woocommerce-Price-currencySymbol\">&#122;&#322;<\/span><\/bdi><\/span> <span aria-hidden=\"true\">&ndash;<\/span> <span class=\"woocommerce-Price-amount amount\" aria-hidden=\"true\"><bdi>250,00&nbsp;<span class=\"woocommerce-Price-currencySymbol\">&#122;&#322;<\/span><\/bdi><\/span><span class=\"screen-reader-text\">Price range: 39,00&nbsp;&#122;&#322; through 250,00&nbsp;&#122;&#322;<\/span><\/span>\n<\/a><a href=\"https:\/\/imagoart.eu\/?product=fffff\" aria-describedby=\"woocommerce_loop_add_to_cart_link_describedby_199\" data-quantity=\"1\" class=\"button product_type_variable add_to_cart_button\" data-product_id=\"199\" data-product_sku=\"\" aria-label=\"Select options for &ldquo;Dmuchawce&rdquo;\" rel=\"nofollow\">Select options<\/a>\t<span id=\"woocommerce_loop_add_to_cart_link_describedby_199\" class=\"screen-reader-text\">\n\t\tThis product has multiple variants. The options may be chosen on the product page\t<\/span>\n<\/li>\n<li class=\"product type-product post-1308 status-publish last instock product_cat-kolekcja-natura-kolekcja-natura product_cat-wszystkie has-post-thumbnail shipping-taxable purchasable product-type-variable\">\n\t<a href=\"https:\/\/imagoart.eu\/?product=drzewo\" class=\"woocommerce-LoopProduct-link woocommerce-loop-product__link\"><img loading=\"lazy\" decoding=\"async\" width=\"600\" height=\"600\" src=\"https:\/\/imagoart.eu\/wp-content\/uploads\/2025\/12\/ChatGPT-Image-1-sty-2026-20_00_51-600x600.png\" class=\"attachment-woocommerce_thumbnail size-woocommerce_thumbnail\" alt=\"Drzewo\" srcset=\"https:\/\/imagoart.eu\/wp-content\/uploads\/2025\/12\/ChatGPT-Image-1-sty-2026-20_00_51-600x600.png 600w, https:\/\/imagoart.eu\/wp-content\/uploads\/2025\/12\/ChatGPT-Image-1-sty-2026-20_00_51-300x300.png 300w, https:\/\/imagoart.eu\/wp-content\/uploads\/2025\/12\/ChatGPT-Image-1-sty-2026-20_00_51-150x150.png 150w, https:\/\/imagoart.eu\/wp-content\/uploads\/2025\/12\/ChatGPT-Image-1-sty-2026-20_00_51-768x768.png 768w, https:\/\/imagoart.eu\/wp-content\/uploads\/2025\/12\/ChatGPT-Image-1-sty-2026-20_00_51-100x100.png 100w, https:\/\/imagoart.eu\/wp-content\/uploads\/2025\/12\/ChatGPT-Image-1-sty-2026-20_00_51.png 1024w\" sizes=\"auto, (max-width: 600px) 100vw, 600px\" \/><h2 class=\"woocommerce-loop-product__title\">Drzewo<\/h2>\n\t<span class=\"price\"><span class=\"woocommerce-Price-amount amount\" aria-hidden=\"true\"><bdi>39,00&nbsp;<span class=\"woocommerce-Price-currencySymbol\">&#122;&#322;<\/span><\/bdi><\/span> <span aria-hidden=\"true\">&ndash;<\/span> <span class=\"woocommerce-Price-amount amount\" aria-hidden=\"true\"><bdi>250,00&nbsp;<span class=\"woocommerce-Price-currencySymbol\">&#122;&#322;<\/span><\/bdi><\/span><span class=\"screen-reader-text\">Price range: 39,00&nbsp;&#122;&#322; through 250,00&nbsp;&#122;&#322;<\/span><\/span>\n<\/a><a href=\"https:\/\/imagoart.eu\/?product=drzewo\" aria-describedby=\"woocommerce_loop_add_to_cart_link_describedby_1308\" data-quantity=\"1\" class=\"button product_type_variable add_to_cart_button\" data-product_id=\"1308\" data-product_sku=\"\" aria-label=\"Select options for &ldquo;Drzewo&rdquo;\" rel=\"nofollow\">Select options<\/a>\t<span id=\"woocommerce_loop_add_to_cart_link_describedby_1308\" class=\"screen-reader-text\">\n\t\tThis product has multiple variants. The options may be chosen on the product page\t<\/span>\n<\/li>\n<li class=\"product type-product post-1729 status-publish first instock product_cat-kolekcja-dzieci-kolekcja-dzieci product_cat-wszystkie has-post-thumbnail shipping-taxable purchasable product-type-variable\">\n\t<a href=\"https:\/\/imagoart.eu\/?product=dziewczynka-z-zapalkami\" class=\"woocommerce-LoopProduct-link woocommerce-loop-product__link\"><img loading=\"lazy\" decoding=\"async\" width=\"600\" height=\"600\" src=\"https:\/\/imagoart.eu\/wp-content\/uploads\/2026\/01\/896b2729-187c-4702-b28e-56f54f8c8479-600x600.png\" class=\"attachment-woocommerce_thumbnail size-woocommerce_thumbnail\" alt=\"Dziewczynka z zapa\u0142kami\" srcset=\"https:\/\/imagoart.eu\/wp-content\/uploads\/2026\/01\/896b2729-187c-4702-b28e-56f54f8c8479-600x600.png 600w, https:\/\/imagoart.eu\/wp-content\/uploads\/2026\/01\/896b2729-187c-4702-b28e-56f54f8c8479-300x300.png 300w, https:\/\/imagoart.eu\/wp-content\/uploads\/2026\/01\/896b2729-187c-4702-b28e-56f54f8c8479-150x150.png 150w, https:\/\/imagoart.eu\/wp-content\/uploads\/2026\/01\/896b2729-187c-4702-b28e-56f54f8c8479-768x768.png 768w, https:\/\/imagoart.eu\/wp-content\/uploads\/2026\/01\/896b2729-187c-4702-b28e-56f54f8c8479-100x100.png 100w, https:\/\/imagoart.eu\/wp-content\/uploads\/2026\/01\/896b2729-187c-4702-b28e-56f54f8c8479.png 1024w\" sizes=\"auto, (max-width: 600px) 100vw, 600px\" \/><h2 class=\"woocommerce-loop-product__title\">Dziewczynka z zapa\u0142kami<\/h2>\n\t<span class=\"price\"><span class=\"woocommerce-Price-amount amount\" aria-hidden=\"true\"><bdi>39,00&nbsp;<span class=\"woocommerce-Price-currencySymbol\">&#122;&#322;<\/span><\/bdi><\/span> <span aria-hidden=\"true\">&ndash;<\/span> <span class=\"woocommerce-Price-amount amount\" aria-hidden=\"true\"><bdi>250,00&nbsp;<span class=\"woocommerce-Price-currencySymbol\">&#122;&#322;<\/span><\/bdi><\/span><span class=\"screen-reader-text\">Price range: 39,00&nbsp;&#122;&#322; through 250,00&nbsp;&#122;&#322;<\/span><\/span>\n<\/a><a href=\"https:\/\/imagoart.eu\/?product=dziewczynka-z-zapalkami\" aria-describedby=\"woocommerce_loop_add_to_cart_link_describedby_1729\" data-quantity=\"1\" class=\"button product_type_variable add_to_cart_button\" data-product_id=\"1729\" data-product_sku=\"\" aria-label=\"Select options for &ldquo;Dziewczynka z zapa\u0142kami&rdquo;\" rel=\"nofollow\">Select options<\/a>\t<span id=\"woocommerce_loop_add_to_cart_link_describedby_1729\" class=\"screen-reader-text\">\n\t\tThis product has multiple variants. The options may be chosen on the product page\t<\/span>\n<\/li>\n<li class=\"product type-product post-1310 status-publish instock product_cat-kolekcja-miasto product_cat-wszystkie has-post-thumbnail shipping-taxable purchasable product-type-variable\">\n\t<a href=\"https:\/\/imagoart.eu\/?product=italia\" class=\"woocommerce-LoopProduct-link woocommerce-loop-product__link\"><img loading=\"lazy\" decoding=\"async\" width=\"600\" height=\"600\" src=\"https:\/\/imagoart.eu\/wp-content\/uploads\/2025\/12\/Italy-600x600.png\" class=\"attachment-woocommerce_thumbnail size-woocommerce_thumbnail\" alt=\"Italia\" srcset=\"https:\/\/imagoart.eu\/wp-content\/uploads\/2025\/12\/Italy-600x600.png 600w, https:\/\/imagoart.eu\/wp-content\/uploads\/2025\/12\/Italy-300x300.png 300w, https:\/\/imagoart.eu\/wp-content\/uploads\/2025\/12\/Italy-150x150.png 150w, https:\/\/imagoart.eu\/wp-content\/uploads\/2025\/12\/Italy-768x768.png 768w, https:\/\/imagoart.eu\/wp-content\/uploads\/2025\/12\/Italy-100x100.png 100w, https:\/\/imagoart.eu\/wp-content\/uploads\/2025\/12\/Italy.png 1024w\" sizes=\"auto, (max-width: 600px) 100vw, 600px\" \/><h2 class=\"woocommerce-loop-product__title\">Italia<\/h2>\n\t<span class=\"price\"><span class=\"woocommerce-Price-amount amount\" aria-hidden=\"true\"><bdi>39,00&nbsp;<span class=\"woocommerce-Price-currencySymbol\">&#122;&#322;<\/span><\/bdi><\/span> <span aria-hidden=\"true\">&ndash;<\/span> <span class=\"woocommerce-Price-amount amount\" aria-hidden=\"true\"><bdi>250,00&nbsp;<span class=\"woocommerce-Price-currencySymbol\">&#122;&#322;<\/span><\/bdi><\/span><span class=\"screen-reader-text\">Price range: 39,00&nbsp;&#122;&#322; through 250,00&nbsp;&#122;&#322;<\/span><\/span>\n<\/a><a href=\"https:\/\/imagoart.eu\/?product=italia\" aria-describedby=\"woocommerce_loop_add_to_cart_link_describedby_1310\" data-quantity=\"1\" class=\"button product_type_variable add_to_cart_button\" data-product_id=\"1310\" data-product_sku=\"\" aria-label=\"Select options for &ldquo;Italia&rdquo;\" rel=\"nofollow\">Select options<\/a>\t<span id=\"woocommerce_loop_add_to_cart_link_describedby_1310\" class=\"screen-reader-text\">\n\t\tThis product has multiple variants. The options may be chosen on the product page\t<\/span>\n<\/li>\n<li class=\"product type-product post-1178 status-publish last instock product_cat-kolekcja-azja product_cat-wszystkie has-post-thumbnail shipping-taxable purchasable product-type-variable\">\n\t<a href=\"https:\/\/imagoart.eu\/?product=japonia\" class=\"woocommerce-LoopProduct-link woocommerce-loop-product__link\"><img loading=\"lazy\" decoding=\"async\" width=\"600\" height=\"600\" src=\"https:\/\/imagoart.eu\/wp-content\/uploads\/2025\/12\/900-1.png\" class=\"attachment-woocommerce_thumbnail size-woocommerce_thumbnail\" alt=\"Japonia\" srcset=\"https:\/\/imagoart.eu\/wp-content\/uploads\/2025\/12\/900-1.png 600w, https:\/\/imagoart.eu\/wp-content\/uploads\/2025\/12\/900-1-300x300.png 300w, https:\/\/imagoart.eu\/wp-content\/uploads\/2025\/12\/900-1-150x150.png 150w, https:\/\/imagoart.eu\/wp-content\/uploads\/2025\/12\/900-1-100x100.png 100w\" sizes=\"auto, (max-width: 600px) 100vw, 600px\" \/><h2 class=\"woocommerce-loop-product__title\">Japonia<\/h2>\n\t<span class=\"price\"><span class=\"woocommerce-Price-amount amount\" aria-hidden=\"true\"><bdi>39,00&nbsp;<span class=\"woocommerce-Price-currencySymbol\">&#122;&#322;<\/span><\/bdi><\/span> <span aria-hidden=\"true\">&ndash;<\/span> <span class=\"woocommerce-Price-amount amount\" aria-hidden=\"true\"><bdi>250,00&nbsp;<span class=\"woocommerce-Price-currencySymbol\">&#122;&#322;<\/span><\/bdi><\/span><span class=\"screen-reader-text\">Price range: 39,00&nbsp;&#122;&#322; through 250,00&nbsp;&#122;&#322;<\/span><\/span>\n<\/a><a href=\"https:\/\/imagoart.eu\/?product=japonia\" aria-describedby=\"woocommerce_loop_add_to_cart_link_describedby_1178\" data-quantity=\"1\" class=\"button product_type_variable add_to_cart_button\" data-product_id=\"1178\" data-product_sku=\"\" aria-label=\"Select options for &ldquo;Japonia&rdquo;\" rel=\"nofollow\">Select options<\/a>\t<span id=\"woocommerce_loop_add_to_cart_link_describedby_1178\" class=\"screen-reader-text\">\n\t\tThis product has multiple variants. The options may be chosen on the product page\t<\/span>\n<\/li>\n<\/ul>\n<nav class=\"woocommerce-pagination\" aria-label=\"Product Pagination\">\n\t<ul class='page-numbers'>\n\t<li><span aria-label=\"Page 1\" aria-current=\"page\" class=\"page-numbers current\">1<\/span><\/li>\n\t<li><a aria-label=\"Page 2\" class=\"page-numbers\" href=\"\/index.php?rest_route=%2Fwp%2Fv2%2Fpages%2F275&#038;product-page=2\">2<\/a><\/li>\n\t<li><a aria-label=\"Page 3\" class=\"page-numbers\" href=\"\/index.php?rest_route=%2Fwp%2Fv2%2Fpages%2F275&#038;product-page=3\">3<\/a><\/li>\n\t<li><a class=\"next page-numbers\" href=\"\/index.php?rest_route=%2Fwp%2Fv2%2Fpages%2F275&#038;product-page=2\">&rarr;<\/a><\/li>\n<\/ul>\n<\/nav>\n<\/div><\/p>\n<div style=\"height:20px\" aria-hidden=\"true\"><\/div>\n<\/div>\n","protected":false},"excerpt":{"rendered":"","protected":false},"author":1,"featured_media":0,"parent":0,"menu_order":0,"comment_status":"closed","ping_status":"closed","template":"","meta":{"_joinchat":[],"footnotes":""},"class_list":["post-275","page","type-page","status-publish","hentry"],"jetpack_sharing_enabled":true,"_links":{"self":[{"href":"https:\/\/imagoart.eu\/index.php?rest_route=\/wp\/v2\/pages\/275","targetHints":{"allow":["GET"]}}],"collection":[{"href":"https:\/\/imagoart.eu\/index.php?rest_route=\/wp\/v2\/pages"}],"about":[{"href":"https:\/\/imagoart.eu\/index.php?rest_route=\/wp\/v2\/types\/page"}],"author":[{"embeddable":true,"href":"https:\/\/imagoart.eu\/index.php?rest_route=\/wp\/v2\/users\/1"}],"replies":[{"embeddable":true,"href":"https:\/\/imagoart.eu\/index.php?rest_route=%2Fwp%2Fv2%2Fcomments&post=275"}],"version-history":[{"count":10,"href":"https:\/\/imagoart.eu\/index.php?rest_route=\/wp\/v2\/pages\/275\/revisions"}],"predecessor-version":[{"id":1236,"href":"https:\/\/imagoart.eu\/index.php?rest_route=\/wp\/v2\/pages\/275\/revisions\/1236"}],"wp:attachment":[{"href":"https:\/\/imagoart.eu\/index.php?rest_route=%2Fwp%2Fv2%2Fmedia&parent=275"}],"curies":[{"name":"wp","href":"https:\/\/api.w.org\/{rel}","templated":true}]}}